{"id":873,"date":"2022-05-16T14:44:34","date_gmt":"2022-05-16T14:44:34","guid":{"rendered":"https:\/\/idheapp.eu\/?page_id=873"},"modified":"2025-12-23T13:25:57","modified_gmt":"2025-12-23T13:25:57","slug":"results","status":"publish","type":"page","link":"https:\/\/idheapp.eu\/hr\/results\/","title":{"rendered":"Rezultati i resursi"},"content":{"rendered":"<div data-elementor-type=\"wp-page\" data-elementor-id=\"873\" class=\"elementor elementor-873\" data-elementor-settings=\"{&quot;ha_cmc_init_switcher&quot;:&quot;no&quot;}\">\n\t\t\t\t\t\t<section class=\"elementor-section elementor-top-section elementor-element elementor-element-06aecf6 elementor-section-full_width elementor-section-height-default elementor-section-height-default wpr-sticky-section-no wpr-equal-height-no\" data-id=\"06aecf6\" data-element_type=\"section\" data-e-type=\"section\" data-settings=\"{&quot;background_background&quot;:&quot;classic&quot;}\">\n\t\t\t\t\t\t\t<div class=\"elementor-background-overlay\"><\/div>\n\t\t\t\t\t\t\t<div class=\"elementor-container elementor-column-gap-no\">\n\t\t\t\t\t<div class=\"elementor-column elementor-col-100 elementor-top-column elementor-element elementor-element-da2720e\" data-id=\"da2720e\" data-element_type=\"column\" data-e-type=\"column\">\n\t\t\t<div class=\"elementor-widget-wrap elementor-element-populated\">\n\t\t\t\t\t\t<section class=\"elementor-section elementor-inner-section elementor-element elementor-element-af1eb4e elementor-section-boxed elementor-section-height-default elementor-section-height-default wpr-sticky-section-no wpr-equal-height-no\" data-id=\"af1eb4e\" data-element_type=\"section\" data-e-type=\"section\">\n\t\t\t\t\t\t<div class=\"elementor-container elementor-column-gap-no\">\n\t\t\t\t\t<div class=\"elementor-column elementor-col-100 elementor-inner-column elementor-element elementor-element-41226e6\" data-id=\"41226e6\" data-element_type=\"column\" data-e-type=\"column\">\n\t\t\t<div class=\"elementor-widget-wrap elementor-element-populated\">\n\t\t\t\t\t\t<div class=\"elementor-element elementor-element-0d1df5c elementor-widget elementor-widget-heading\" data-id=\"0d1df5c\" data-element_type=\"widget\" data-e-type=\"widget\" data-widget_type=\"heading.default\">\n\t\t\t\t<div class=\"elementor-widget-container\">\n\t\t\t\t\t<h2 class=\"elementor-heading-title elementor-size-default\">Rezultati i resursi <\/h2>\t\t\t\t<\/div>\n\t\t\t\t<\/div>\n\t\t\t\t\t<\/div>\n\t\t<\/div>\n\t\t\t\t\t<\/div>\n\t\t<\/section>\n\t\t\t\t<section class=\"elementor-section elementor-inner-section elementor-element elementor-element-df85bb3 elementor-section-boxed elementor-section-height-default elementor-section-height-default wpr-sticky-section-no wpr-equal-height-no\" data-id=\"df85bb3\" data-element_type=\"section\" data-e-type=\"section\">\n\t\t\t\t\t\t<div class=\"elementor-container elementor-column-gap-wide\">\n\t\t\t\t\t<div class=\"elementor-column elementor-col-50 elementor-inner-column elementor-element elementor-element-3544aba\" data-id=\"3544aba\" data-element_type=\"column\" data-e-type=\"column\">\n\t\t\t<div class=\"elementor-widget-wrap elementor-element-populated\">\n\t\t\t\t\t\t<div class=\"elementor-element elementor-element-07f940d elementor-widget elementor-widget-ha-pdf-view happy-addon ha-pdf-view\" data-id=\"07f940d\" data-element_type=\"widget\" data-e-type=\"widget\" data-widget_type=\"ha-pdf-view.default\">\n\t\t\t\t<div class=\"elementor-widget-container\">\n\t\t\t\t\t        <div class=\"pdf_viewer_container\">\n            <div class=\"pdf_viewer_options viewer-07f940d\" data-pdf-settings=\"{&quot;unique_id&quot;:&quot;viewer-07f940d&quot;,&quot;pdf_url&quot;:&quot;https:\\\/\\\/idheapp.eu\\\/wp-content\\\/uploads\\\/2025\\\/12\\\/ArtWEB_Designing-and-implementing-the-IDHEApp.pdf&quot;,&quot;file_type&quot;:&quot;url&quot;,&quot;page_number&quot;:&quot;1&quot;,&quot;width&quot;:&quot;100%&quot;,&quot;height&quot;:&quot;90vh&quot;}\">\n\t\t\t\t<span class=\"ha-title-flex\">\n\t\t\t\t\t<span class=\"pdf-icon\">\n\t\t\t\t\t\t\t\t\t\t\t<\/span>\n\t\t\t\t\t<h2 class=\"ha-pdf-title\">Dizajniranje i implementacija IDHEApp-a: Gamificirana mHealth intervencija za promicanje zdravih na\u010dina \u017eivota kod mladih s intelektualnim te\u0161ko\u0107ama <\/h2>\t\t\t\t<\/span>\n\t\t\t\t                <div class=\"pdf-button\">\n                <a href=\"https:\/\/idheapp.eu\/wp-content\/uploads\/2025\/12\/ArtWEB_Designing-and-implementing-the-IDHEApp.pdf\" class=\"ha-btn\" download title=\"Designing and implementing the  IDHEApp: A gamified mHealth  intervention for promoting healthy  lifestyles in young people with  intellectual disabilities \" data-no-translation=\"\" data-trp-gettext=\"\">Scarica<\/a>                <\/div>\n            <\/div>\n\n\t\t\t<div>\n\t\t\t\t<div id=\"viewer-07f940d\"><\/div>\n\t\t\t<\/div>\n\n        <\/div>\n        \t\t\t\t<\/div>\n\t\t\t\t<\/div>\n\t\t\t\t\t<\/div>\n\t\t<\/div>\n\t\t\t\t<div class=\"elementor-column elementor-col-50 elementor-inner-column elementor-element elementor-element-4de8199\" data-id=\"4de8199\" data-element_type=\"column\" data-e-type=\"column\">\n\t\t\t<div class=\"elementor-widget-wrap elementor-element-populated\">\n\t\t\t\t\t\t<div class=\"elementor-element elementor-element-30f0e7f elementor-widget elementor-widget-ha-pdf-view happy-addon ha-pdf-view\" data-id=\"30f0e7f\" data-element_type=\"widget\" data-e-type=\"widget\" data-widget_type=\"ha-pdf-view.default\">\n\t\t\t\t<div class=\"elementor-widget-container\">\n\t\t\t\t\t        <div class=\"pdf_viewer_container\">\n            <div class=\"pdf_viewer_options viewer-30f0e7f\" data-pdf-settings=\"{&quot;unique_id&quot;:&quot;viewer-30f0e7f&quot;,&quot;pdf_url&quot;:&quot;https:\\\/\\\/idheapp.eu\\\/wp-content\\\/uploads\\\/2025\\\/12\\\/D4.2-Final-Guidelines_80ppp.pdf&quot;,&quot;file_type&quot;:&quot;url&quot;,&quot;page_number&quot;:&quot;1&quot;,&quot;width&quot;:&quot;100%&quot;,&quot;height&quot;:&quot;90vh&quot;}\">\n\t\t\t\t<span class=\"ha-title-flex\">\n\t\t\t\t\t<span class=\"pdf-icon\">\n\t\t\t\t\t\t\t\t\t\t\t<\/span>\n\t\t\t\t\t<h2 class=\"ha-pdf-title\">Zavr\u0161no izvje\u0161\u0107e o smjernicama<\/h2>\t\t\t\t<\/span>\n\t\t\t\t                <div class=\"pdf-button\">\n                <a href=\"https:\/\/idheapp.eu\/wp-content\/uploads\/2025\/12\/D4.2-Final-Guidelines_80ppp.pdf\" class=\"ha-btn\" download title=\"Final Guidelines Report\" data-no-translation=\"\" data-trp-gettext=\"\">Scarica<\/a>                <\/div>\n            <\/div>\n\n\t\t\t<div>\n\t\t\t\t<div id=\"viewer-30f0e7f\"><\/div>\n\t\t\t<\/div>\n\n        <\/div>\n        \t\t\t\t<\/div>\n\t\t\t\t<\/div>\n\t\t\t\t\t<\/div>\n\t\t<\/div>\n\t\t\t\t\t<\/div>\n\t\t<\/section>\n\t\t\t\t<section class=\"elementor-section elementor-inner-section elementor-element elementor-element-3481d45 elementor-section-boxed elementor-section-height-default elementor-section-height-default wpr-sticky-section-no wpr-equal-height-no\" data-id=\"3481d45\" data-element_type=\"section\" data-e-type=\"section\">\n\t\t\t\t\t\t<div class=\"elementor-container elementor-column-gap-wide\">\n\t\t\t\t\t<div class=\"elementor-column elementor-col-33 elementor-inner-column elementor-element elementor-element-518d978\" data-id=\"518d978\" data-element_type=\"column\" data-e-type=\"column\">\n\t\t\t<div class=\"elementor-widget-wrap elementor-element-populated\">\n\t\t\t\t\t\t<div class=\"elementor-element elementor-element-256f4e1 elementor-widget elementor-widget-ha-pdf-view happy-addon ha-pdf-view\" data-id=\"256f4e1\" data-element_type=\"widget\" data-e-type=\"widget\" data-widget_type=\"ha-pdf-view.default\">\n\t\t\t\t<div class=\"elementor-widget-container\">\n\t\t\t\t\t        <div class=\"pdf_viewer_container\">\n            <div class=\"pdf_viewer_options viewer-256f4e1\" data-pdf-settings=\"{&quot;unique_id&quot;:&quot;viewer-256f4e1&quot;,&quot;pdf_url&quot;:&quot;https:\\\/\\\/idheapp.eu\\\/wp-content\\\/uploads\\\/2024\\\/11\\\/D2.1_State_of_the_Art_Report.pdf&quot;,&quot;file_type&quot;:&quot;url&quot;,&quot;page_number&quot;:&quot;1&quot;,&quot;width&quot;:&quot;100%&quot;,&quot;height&quot;:&quot;90vh&quot;}\">\n\t\t\t\t<span class=\"ha-title-flex\">\n\t\t\t\t\t<span class=\"pdf-icon\">\n\t\t\t\t\t\t\t\t\t\t\t<\/span>\n\t\t\t\t\t<h2 class=\"ha-pdf-title\">Izvje\u0161\u0107e o stanju tehnike. Utjecaj digitalnih tehnolo\u0161kih ure\u0111aja na zdravstveno pona\u0161anje mladih s intelektualnim te\u0161ko\u0107ama: sustavni pregled<\/h2>\t\t\t\t<\/span>\n\t\t\t\t                <div class=\"pdf-button\">\n                <a href=\"https:\/\/idheapp.eu\/wp-content\/uploads\/2024\/11\/D2.1_State_of_the_Art_Report.pdf\" class=\"ha-btn\" download title=\"State of the art report. The impact of digital technological devices on health behaviour in young people with intellectual disabilities: A systematic Review\" data-no-translation=\"\" data-trp-gettext=\"\">Scarica<\/a>                <\/div>\n            <\/div>\n\n\t\t\t<div>\n\t\t\t\t<div id=\"viewer-256f4e1\"><\/div>\n\t\t\t<\/div>\n\n        <\/div>\n        \t\t\t\t<\/div>\n\t\t\t\t<\/div>\n\t\t\t\t\t<\/div>\n\t\t<\/div>\n\t\t\t\t<div class=\"elementor-column elementor-col-33 elementor-inner-column elementor-element elementor-element-8fd643f\" data-id=\"8fd643f\" data-element_type=\"column\" data-e-type=\"column\">\n\t\t\t<div class=\"elementor-widget-wrap elementor-element-populated\">\n\t\t\t\t\t\t<div class=\"elementor-element elementor-element-5cacce3 elementor-widget elementor-widget-ha-pdf-view happy-addon ha-pdf-view\" data-id=\"5cacce3\" data-element_type=\"widget\" data-e-type=\"widget\" data-widget_type=\"ha-pdf-view.default\">\n\t\t\t\t<div class=\"elementor-widget-container\">\n\t\t\t\t\t        <div class=\"pdf_viewer_container\">\n            <div class=\"pdf_viewer_options viewer-5cacce3\" data-pdf-settings=\"{&quot;unique_id&quot;:&quot;viewer-5cacce3&quot;,&quot;pdf_url&quot;:&quot;https:\\\/\\\/idheapp.eu\\\/wp-content\\\/uploads\\\/2025\\\/03\\\/D4.1\\u2013Educational-materials.pdf&quot;,&quot;file_type&quot;:&quot;url&quot;,&quot;page_number&quot;:&quot;1&quot;,&quot;width&quot;:&quot;100%&quot;,&quot;height&quot;:&quot;90vh&quot;}\">\n\t\t\t\t<span class=\"ha-title-flex\">\n\t\t\t\t\t<span class=\"pdf-icon\">\n\t\t\t\t\t\t\t\t\t\t\t<\/span>\n\t\t\t\t\t<h2 class=\"ha-pdf-title\">Obrazovni materijali<\/h2>\t\t\t\t<\/span>\n\t\t\t\t                <div class=\"pdf-button\">\n                <a href=\"https:\/\/idheapp.eu\/wp-content\/uploads\/2025\/03\/D4.1\u2013Educational-materials.pdf\" class=\"ha-btn\" download title=\"Educational Materials\" data-no-translation=\"\" data-trp-gettext=\"\">Scarica<\/a>                <\/div>\n            <\/div>\n\n\t\t\t<div>\n\t\t\t\t<div id=\"viewer-5cacce3\"><\/div>\n\t\t\t<\/div>\n\n        <\/div>\n        \t\t\t\t<\/div>\n\t\t\t\t<\/div>\n\t\t\t\t\t<\/div>\n\t\t<\/div>\n\t\t\t\t<div class=\"elementor-column elementor-col-33 elementor-inner-column elementor-element elementor-element-b3bee47\" data-id=\"b3bee47\" data-element_type=\"column\" data-e-type=\"column\">\n\t\t\t<div class=\"elementor-widget-wrap elementor-element-populated\">\n\t\t\t\t\t\t<div class=\"elementor-element elementor-element-6030745 elementor-widget elementor-widget-ha-pdf-view happy-addon ha-pdf-view\" data-id=\"6030745\" data-element_type=\"widget\" data-e-type=\"widget\" data-widget_type=\"ha-pdf-view.default\">\n\t\t\t\t<div class=\"elementor-widget-container\">\n\t\t\t\t\t        <div class=\"pdf_viewer_container\">\n            <div class=\"pdf_viewer_options viewer-6030745\" data-pdf-settings=\"{&quot;unique_id&quot;:&quot;viewer-6030745&quot;,&quot;pdf_url&quot;:&quot;https:\\\/\\\/idheapp.eu\\\/wp-content\\\/uploads\\\/2025\\\/12\\\/D2.2_Pilot-study-report.pdf&quot;,&quot;file_type&quot;:&quot;url&quot;,&quot;page_number&quot;:&quot;1&quot;,&quot;width&quot;:&quot;100%&quot;,&quot;height&quot;:&quot;90vh&quot;}\">\n\t\t\t\t<span class=\"ha-title-flex\">\n\t\t\t\t\t<span class=\"pdf-icon\">\n\t\t\t\t\t\t\t\t\t\t\t<\/span>\n\t\t\t\t\t<h2 class=\"ha-pdf-title\">Izvje\u0161\u0107e o pilot studiji<\/h2>\t\t\t\t<\/span>\n\t\t\t\t                <div class=\"pdf-button\">\n                <a href=\"https:\/\/idheapp.eu\/wp-content\/uploads\/2025\/12\/D2.2_Pilot-study-report.pdf\" class=\"ha-btn\" download title=\"Pilot Study Report\" data-no-translation=\"\" data-trp-gettext=\"\">Scarica<\/a>                <\/div>\n            <\/div>\n\n\t\t\t<div>\n\t\t\t\t<div id=\"viewer-6030745\"><\/div>\n\t\t\t<\/div>\n\n        <\/div>\n        \t\t\t\t<\/div>\n\t\t\t\t<\/div>\n\t\t\t\t\t<\/div>\n\t\t<\/div>\n\t\t\t\t\t<\/div>\n\t\t<\/section>\n\t\t\t\t\t<\/div>\n\t\t<\/div>\n\t\t\t\t\t<\/div>\n\t\t<\/section>\n\t\t\t\t<\/div>","protected":false},"excerpt":{"rendered":"<p>Rezultati i resursi Osmi\u0161ljavanje i provedba IDHEApp-a: Gamificirana mHealth intervencija za promicanje zdravog na\u010dina \u017eivota kod mladih s intelektualnim te\u0161ko\u0107ama Preuzmite izvje\u0161\u0107e o kona\u010dnim smjernicama Preuzmite izvje\u0161\u0107e o najsuvremenijem stanju. Utjecaj digitalnih tehnolo\u0161kih ure\u0111aja na zdravstveno pona\u0161anje kod mladih s intelektualnim te\u0161ko\u0107ama: Sustavni pregled Preuzmite obrazovne materijale Preuzmite izvje\u0161\u0107e o pilot studiji Preuzmite<\/p>","protected":false},"author":9,"featured_media":0,"parent":0,"menu_order":0,"comment_status":"closed","ping_status":"closed","template":"","meta":{"site-sidebar-layout":"no-sidebar","site-content-layout":"page-builder","ast-site-content-layout":"default","site-content-style":"default","site-sidebar-style":"default","ast-global-header-display":"","ast-banner-title-visibility":"","ast-main-header-display":"","ast-hfb-above-header-display":"","ast-hfb-below-header-display":"","ast-hfb-mobile-header-display":"","site-post-title":"disabled","ast-breadcrumbs-content":"","ast-featured-img":"disabled","footer-sml-layout":"","ast-disable-related-posts":"","theme-transparent-header-meta":"","adv-header-id-meta":"","stick-header-meta":"","header-above-stick-meta":"","header-main-stick-meta":"","header-below-stick-meta":"","astra-migrate-meta-layouts":"default","ast-page-background-enabled":"default","ast-page-background-meta":{"desktop":{"background-color":"","background-image":"","background-repeat":"repeat","background-position":"center center","background-size":"auto","background-attachment":"scroll","background-type":"","background-media":"","overlay-type":"","overlay-color":"","overlay-opacity":"","overlay-gradient":""},"tablet":{"background-color":"","background-image":"","background-repeat":"repeat","background-position":"center center","background-size":"auto","background-attachment":"scroll","background-type":"","background-media":"","overlay-type":"","overlay-color":"","overlay-opacity":"","overlay-gradient":""},"mobile":{"background-color":"","background-image":"","background-repeat":"repeat","background-position":"center center","background-size":"auto","background-attachment":"scroll","background-type":"","background-media":"","overlay-type":"","overlay-color":"","overlay-opacity":"","overlay-gradient":""}},"ast-content-background-meta":{"desktop":{"background-color":"var(--ast-global-color-5)","background-image":"","background-repeat":"repeat","background-position":"center center","background-size":"auto","background-attachment":"scroll","background-type":"","background-media":"","overlay-type":"","overlay-color":"","overlay-opacity":"","overlay-gradient":""},"tablet":{"background-color":"var(--ast-global-color-5)","background-image":"","background-repeat":"repeat","background-position":"center center","background-size":"auto","background-attachment":"scroll","background-type":"","background-media":"","overlay-type":"","overlay-color":"","overlay-opacity":"","overlay-gradient":""},"mobile":{"background-color":"var(--ast-global-color-5)","background-image":"","background-repeat":"repeat","background-position":"center center","background-size":"auto","background-attachment":"scroll","background-type":"","background-media":"","overlay-type":"","overlay-color":"","overlay-opacity":"","overlay-gradient":""}},"footnotes":""},"class_list":["post-873","page","type-page","status-publish","hentry"],"yoast_head":"<!-- This site is optimized with the Yoast SEO plugin v27.5 - https:\/\/yoast.com\/product\/yoast-seo-wordpress\/ -->\n<title>Results &amp; Resources - IDHEApp<\/title>\n<meta name=\"robots\" content=\"index, follow, max-snippet:-1, max-image-preview:large, max-video-preview:-1\" \/>\n<link rel=\"canonical\" href=\"https:\/\/idheapp.eu\/hr\/results\/\" \/>\n<meta property=\"og:locale\" content=\"hr_HR\" \/>\n<meta property=\"og:type\" content=\"article\" \/>\n<meta property=\"og:title\" content=\"Results &amp; Resources - IDHEApp\" \/>\n<meta property=\"og:description\" content=\"Results &amp; Resources Designing and implementing the IDHEApp: A gamified mHealth intervention for promoting healthy lifestyles in young people with intellectual disabilities Download Final Guidelines Report Download State of the art report. The impact of digital technological devices on health behaviour in young people with intellectual disabilities: A systematic Review Download Educational Materials Download Pilot Study Report Download\" \/>\n<meta property=\"og:url\" content=\"https:\/\/idheapp.eu\/hr\/results\/\" \/>\n<meta property=\"og:site_name\" content=\"IDHEApp\" \/>\n<meta property=\"article:publisher\" content=\"https:\/\/www.facebook.com\/RestARTcreativity\/\" \/>\n<meta property=\"article:modified_time\" content=\"2025-12-23T13:25:57+00:00\" \/>\n<meta name=\"twitter:card\" content=\"summary_large_image\" \/>\n<meta name=\"twitter:site\" content=\"@restartproject4\" \/>\n<meta name=\"twitter:label1\" content=\"Procijenjeno vrijeme \u010ditanja\" \/>\n\t<meta name=\"twitter:data1\" content=\"1 minuta\" \/>\n<script type=\"application\/ld+json\" class=\"yoast-schema-graph\">{\"@context\":\"https:\\\/\\\/schema.org\",\"@graph\":[{\"@type\":\"WebPage\",\"@id\":\"https:\\\/\\\/idheapp.eu\\\/results\\\/\",\"url\":\"https:\\\/\\\/idheapp.eu\\\/results\\\/\",\"name\":\"Results & Resources - IDHEApp\",\"isPartOf\":{\"@id\":\"https:\\\/\\\/idheapp.eu\\\/#website\"},\"datePublished\":\"2022-05-16T14:44:34+00:00\",\"dateModified\":\"2025-12-23T13:25:57+00:00\",\"breadcrumb\":{\"@id\":\"https:\\\/\\\/idheapp.eu\\\/results\\\/#breadcrumb\"},\"inLanguage\":\"hr\",\"potentialAction\":[{\"@type\":\"ReadAction\",\"target\":[\"https:\\\/\\\/idheapp.eu\\\/results\\\/\"]}]},{\"@type\":\"BreadcrumbList\",\"@id\":\"https:\\\/\\\/idheapp.eu\\\/results\\\/#breadcrumb\",\"itemListElement\":[{\"@type\":\"ListItem\",\"position\":1,\"name\":\"Portada\",\"item\":\"https:\\\/\\\/idheapp.eu\\\/\"},{\"@type\":\"ListItem\",\"position\":2,\"name\":\"Results &#038; Resources\"}]},{\"@type\":\"WebSite\",\"@id\":\"https:\\\/\\\/idheapp.eu\\\/#website\",\"url\":\"https:\\\/\\\/idheapp.eu\\\/\",\"name\":\"IDHEApp\",\"description\":\"Technology to promote healthy lifestyles in adolescents with intellectual disabilities\",\"publisher\":{\"@id\":\"https:\\\/\\\/idheapp.eu\\\/#organization\"},\"potentialAction\":[{\"@type\":\"SearchAction\",\"target\":{\"@type\":\"EntryPoint\",\"urlTemplate\":\"https:\\\/\\\/idheapp.eu\\\/?s={search_term_string}\"},\"query-input\":{\"@type\":\"PropertyValueSpecification\",\"valueRequired\":true,\"valueName\":\"search_term_string\"}}],\"inLanguage\":\"hr\"},{\"@type\":\"Organization\",\"@id\":\"https:\\\/\\\/idheapp.eu\\\/#organization\",\"name\":\"IDHEApp\",\"url\":\"https:\\\/\\\/idheapp.eu\\\/\",\"logo\":{\"@type\":\"ImageObject\",\"inLanguage\":\"hr\",\"@id\":\"https:\\\/\\\/idheapp.eu\\\/#\\\/schema\\\/logo\\\/image\\\/\",\"url\":\"https:\\\/\\\/idheapp.eu\\\/wp-content\\\/uploads\\\/2022\\\/05\\\/LogoHomeRestart1920x960.png\",\"contentUrl\":\"https:\\\/\\\/idheapp.eu\\\/wp-content\\\/uploads\\\/2022\\\/05\\\/LogoHomeRestart1920x960.png\",\"width\":1920,\"height\":960,\"caption\":\"IDHEApp\"},\"image\":{\"@id\":\"https:\\\/\\\/idheapp.eu\\\/#\\\/schema\\\/logo\\\/image\\\/\"},\"sameAs\":[\"https:\\\/\\\/www.facebook.com\\\/RestARTcreativity\\\/\",\"https:\\\/\\\/x.com\\\/restartproject4\",\"https:\\\/\\\/www.instagram.com\\\/rest.artproject\\\/\",\"https:\\\/\\\/www.youtube.com\\\/channel\\\/UCn2A6wwqZxKR5Ss_sj4aBrQ\"]}]}<\/script>\n<!-- \/ Yoast SEO plugin. -->","yoast_head_json":{"title":"Rezultati i resursi - IDHEApp","robots":{"index":"index","follow":"follow","max-snippet":"max-snippet:-1","max-image-preview":"max-image-preview:large","max-video-preview":"max-video-preview:-1"},"canonical":"https:\/\/idheapp.eu\/hr\/results\/","og_locale":"hr_HR","og_type":"article","og_title":"Results & Resources - IDHEApp","og_description":"Results &amp; Resources Designing and implementing the IDHEApp: A gamified mHealth intervention for promoting healthy lifestyles in young people with intellectual disabilities Download Final Guidelines Report Download State of the art report. The impact of digital technological devices on health behaviour in young people with intellectual disabilities: A systematic Review Download Educational Materials Download Pilot Study Report Download","og_url":"https:\/\/idheapp.eu\/hr\/results\/","og_site_name":"IDHEApp","article_publisher":"https:\/\/www.facebook.com\/RestARTcreativity\/","article_modified_time":"2025-12-23T13:25:57+00:00","twitter_card":"summary_large_image","twitter_site":"@restartproject4","twitter_misc":{"Procijenjeno vrijeme \u010ditanja":"1 minuta"},"schema":{"@context":"https:\/\/schema.org","@graph":[{"@type":"WebPage","@id":"https:\/\/idheapp.eu\/results\/","url":"https:\/\/idheapp.eu\/results\/","name":"Rezultati i resursi - IDHEApp","isPartOf":{"@id":"https:\/\/idheapp.eu\/#website"},"datePublished":"2022-05-16T14:44:34+00:00","dateModified":"2025-12-23T13:25:57+00:00","breadcrumb":{"@id":"https:\/\/idheapp.eu\/results\/#breadcrumb"},"inLanguage":"hr","potentialAction":[{"@type":"ReadAction","target":["https:\/\/idheapp.eu\/results\/"]}]},{"@type":"BreadcrumbList","@id":"https:\/\/idheapp.eu\/results\/#breadcrumb","itemListElement":[{"@type":"ListItem","position":1,"name":"Portada","item":"https:\/\/idheapp.eu\/"},{"@type":"ListItem","position":2,"name":"Results &#038; Resources"}]},{"@type":"WebSite","@id":"https:\/\/idheapp.eu\/#website","url":"https:\/\/idheapp.eu\/","name":"IDHEApp","description":"Tehnologija za promicanje zdravih stilova \u017eivota kod adolescenata s intelektualnim te\u0161ko\u0107ama","publisher":{"@id":"https:\/\/idheapp.eu\/#organization"},"potentialAction":[{"@type":"SearchAction","target":{"@type":"EntryPoint","urlTemplate":"https:\/\/idheapp.eu\/?s={search_term_string}"},"query-input":{"@type":"PropertyValueSpecification","valueRequired":true,"valueName":"search_term_string"}}],"inLanguage":"hr"},{"@type":"Organization","@id":"https:\/\/idheapp.eu\/#organization","name":"IDHEApp","url":"https:\/\/idheapp.eu\/","logo":{"@type":"ImageObject","inLanguage":"hr","@id":"https:\/\/idheapp.eu\/#\/schema\/logo\/image\/","url":"https:\/\/idheapp.eu\/wp-content\/uploads\/2022\/05\/LogoHomeRestart1920x960.png","contentUrl":"https:\/\/idheapp.eu\/wp-content\/uploads\/2022\/05\/LogoHomeRestart1920x960.png","width":1920,"height":960,"caption":"IDHEApp"},"image":{"@id":"https:\/\/idheapp.eu\/#\/schema\/logo\/image\/"},"sameAs":["https:\/\/www.facebook.com\/RestARTcreativity\/","https:\/\/x.com\/restartproject4","https:\/\/www.instagram.com\/rest.artproject\/","https:\/\/www.youtube.com\/channel\/UCn2A6wwqZxKR5Ss_sj4aBrQ"]}]}},"_links":{"self":[{"href":"https:\/\/idheapp.eu\/hr\/wp-json\/wp\/v2\/pages\/873","targetHints":{"allow":["GET"]}}],"collection":[{"href":"https:\/\/idheapp.eu\/hr\/wp-json\/wp\/v2\/pages"}],"about":[{"href":"https:\/\/idheapp.eu\/hr\/wp-json\/wp\/v2\/types\/page"}],"author":[{"embeddable":true,"href":"https:\/\/idheapp.eu\/hr\/wp-json\/wp\/v2\/users\/9"}],"replies":[{"embeddable":true,"href":"https:\/\/idheapp.eu\/hr\/wp-json\/wp\/v2\/comments?post=873"}],"version-history":[{"count":197,"href":"https:\/\/idheapp.eu\/hr\/wp-json\/wp\/v2\/pages\/873\/revisions"}],"predecessor-version":[{"id":2960,"href":"https:\/\/idheapp.eu\/hr\/wp-json\/wp\/v2\/pages\/873\/revisions\/2960"}],"wp:attachment":[{"href":"https:\/\/idheapp.eu\/hr\/wp-json\/wp\/v2\/media?parent=873"}],"curies":[{"name":"radni list","href":"https:\/\/api.w.org\/{rel}","templated":true}]}}